{"id":99,"date":"2019-01-29T21:38:35","date_gmt":"2019-01-29T20:38:35","guid":{"rendered":"http:\/\/matthieuchevillot.com\/?page_id=99"},"modified":"2020-03-31T17:48:39","modified_gmt":"2020-03-31T15:48:39","slug":"contact","status":"publish","type":"page","link":"https:\/\/matthieuchevillot.com\/index.php\/contact\/","title":{"rendered":"Contact"},"content":{"rendered":"\n<p>Vous pouvez me contacter \u00e0 l&#8217;adresse suivante :<br>matthieu[point]chevillot[arobase]laposte.net<\/p>\n\n\n\n<p>Les robots de spam ayant bien profit\u00e9 des facilit\u00e9s offertes par l&#8217;ancien formulaire de contact, leurs abus m&#8217;ont donc forc\u00e9 \u00e0 leur compliquer la t\u00e2che. En vous priant de m&#8217;excuser pour le d\u00e9sagr\u00e9ment que cela pourrait occasionner.<\/p>\n","protected":false},"excerpt":{"rendered":"<p>Vous pouvez me contacter \u00e0 l&#8217;adresse suivante :matthieu[point]chevillot[arobase]laposte.net Les robots de spam ayant bien profit\u00e9 des facilit\u00e9s offertes par l&#8217;ancien formulaire de contact, leurs abus m&#8217;ont donc forc\u00e9 \u00e0 leur compliquer la t\u00e2che. En vous priant de m&#8217;excuser pour le d\u00e9sagr\u00e9ment que cela pourrait occasionner.<\/p>\n","protected":false},"author":1,"featured_media":0,"parent":0,"menu_order":0,"comment_status":"closed","ping_status":"closed","template":"templates\/template-contact.php","meta":{"footnotes":""},"_links":{"self":[{"href":"https:\/\/matthieuchevillot.com\/index.php\/wp-json\/wp\/v2\/pages\/99"}],"collection":[{"href":"https:\/\/matthieuchevillot.com\/index.php\/wp-json\/wp\/v2\/pages"}],"about":[{"href":"https:\/\/matthieuchevillot.com\/index.php\/wp-json\/wp\/v2\/types\/page"}],"author":[{"embeddable":true,"href":"https:\/\/matthieuchevillot.com\/index.php\/wp-json\/wp\/v2\/users\/1"}],"replies":[{"embeddable":true,"href":"https:\/\/matthieuchevillot.com\/index.php\/wp-json\/wp\/v2\/comments?post=99"}],"version-history":[{"count":4,"href":"https:\/\/matthieuchevillot.com\/index.php\/wp-json\/wp\/v2\/pages\/99\/revisions"}],"predecessor-version":[{"id":397,"href":"https:\/\/matthieuchevillot.com\/index.php\/wp-json\/wp\/v2\/pages\/99\/revisions\/397"}],"wp:attachment":[{"href":"https:\/\/matthieuchevillot.com\/index.php\/wp-json\/wp\/v2\/media?parent=99"}],"curies":[{"name":"wp","href":"https:\/\/api.w.org\/{rel}","templated":true}]}}